{"id":31,"date":"2014-03-10T19:05:56","date_gmt":"2014-03-10T19:05:56","guid":{"rendered":"http:\/\/mespotine.de\/zugehoert\/?page_id=31"},"modified":"2014-03-10T19:05:56","modified_gmt":"2014-03-10T19:05:56","slug":"sendung-unterstutzen","status":"publish","type":"page","link":"https:\/\/mespotine.de\/MespotineHQ\/sendung-unterstutzen\/","title":{"rendered":"Sendung unterst\u00fctzen"},"content":{"rendered":"<p>Wenn Ihr m\u00f6gt, was ich so mache, dann k\u00f6nnt Ihr mich unterst\u00fctzen, um laufende Kosten zu decken, oder einfach nur damit ich ein leckeres Schoko-Softeis kaufen kann \ud83d\ude00<br \/>\nDas geht am Besten per:<\/p>\n<p>Paypal: mespotine@mespotine.de<br \/>\nKonto: IBAN: DE78 1207 0024 0314 2346 61  &#8211; BIC: DEUTDEDB160<br \/>\nAmazon: <a href=\"https:\/\/www.amazon.de\/hz\/wishlist\/ls\/KGWIN4MFRZ8\">Amazon Wishlist(Yes, Amazon is evil, I know&#8230;)<\/a><\/p>\n<p>Danke f\u00fcr jegliche Unterst\u00fctzung, die Ihr mir angedeihen lasst \ud83d\ude42<\/p>\n","protected":false},"excerpt":{"rendered":"<p>Wenn Ihr m\u00f6gt, was ich so mache, dann k\u00f6nnt Ihr mich unterst\u00fctzen, um laufende Kosten zu decken, oder einfach nur damit ich ein leckeres Schoko-Softeis kaufen kann \ud83d\ude00 Das geht am Besten per: Paypal: mespotine@mespotine.de Konto: IBAN: DE78 1207 0024 0314 2346 61 &#8211; BIC: DEUTDEDB160 Amazon: Amazon Wishlist(Yes, Amazon is evil, I know&#8230;) Danke &hellip; <a href=\"https:\/\/mespotine.de\/MespotineHQ\/sendung-unterstutzen\/\" class=\"more-link\"><span class=\"screen-reader-text\">Sendung unterst\u00fctzen<\/span> weiterlesen <span class=\"meta-nav\">&rarr;<\/span><\/a><\/p>\n","protected":false},"author":1,"featured_media":0,"parent":0,"menu_order":0,"comment_status":"closed","ping_status":"closed","template":"","meta":{"footnotes":""},"class_list":["post-31","page","type-page","status-publish","hentry"],"_links":{"self":[{"href":"https:\/\/mespotine.de\/MespotineHQ\/wp-json\/wp\/v2\/pages\/31","targetHints":{"allow":["GET"]}}],"collection":[{"href":"https:\/\/mespotine.de\/MespotineHQ\/wp-json\/wp\/v2\/pages"}],"about":[{"href":"https:\/\/mespotine.de\/MespotineHQ\/wp-json\/wp\/v2\/types\/page"}],"author":[{"embeddable":true,"href":"https:\/\/mespotine.de\/MespotineHQ\/wp-json\/wp\/v2\/users\/1"}],"replies":[{"embeddable":true,"href":"https:\/\/mespotine.de\/MespotineHQ\/wp-json\/wp\/v2\/comments?post=31"}],"version-history":[{"count":0,"href":"https:\/\/mespotine.de\/MespotineHQ\/wp-json\/wp\/v2\/pages\/31\/revisions"}],"wp:attachment":[{"href":"https:\/\/mespotine.de\/MespotineHQ\/wp-json\/wp\/v2\/media?parent=31"}],"curies":[{"name":"wp","href":"https:\/\/api.w.org\/{rel}","templated":true}]}}